{"id":205,"date":"2023-10-18T22:39:44","date_gmt":"2023-10-19T03:39:44","guid":{"rendered":"https:\/\/suhoyos.com\/?page_id=205"},"modified":"2026-04-13T22:24:21","modified_gmt":"2026-04-14T03:24:21","slug":"sobre-mi","status":"publish","type":"page","link":"https:\/\/suhoyos.com\/pt\/sobre-mi\/","title":{"rendered":"Sobre mim"},"content":{"rendered":"<div data-elementor-type=\"wp-page\" data-elementor-id=\"205\" class=\"elementor elementor-205\" data-elementor-post-type=\"page\">\n\t\t\t\t\t\t<section class=\"elementor-section elementor-top-section elementor-element elementor-element-61be5ce7 elementor-section-full_width elementor-section-height-default elementor-section-height-default\" data-id=\"61be5ce7\" data-element_type=\"section\" data-e-type=\"section\">\n\t\t\t\t\t\t<div class=\"elementor-container elementor-column-gap-no\">\n\t\t\t\t\t<div class=\"elementor-column elementor-col-50 elementor-top-column elementor-element elementor-element-60c5549f\" data-id=\"60c5549f\" data-element_type=\"column\" data-e-type=\"column\">\n\t\t\t<div class=\"elementor-widget-wrap elementor-element-populated\">\n\t\t\t\t\t\t<div class=\"elementor-element elementor-element-ab80554 elementor-widget elementor-widget-image\" data-id=\"ab80554\" data-element_type=\"widget\" data-e-type=\"widget\" data-widget_type=\"image.default\">\n\t\t\t\t<div class=\"elementor-widget-container\">\n\t\t\t\t\t\t\t\t\t\t\t\t\t\t\t<img fetchpriority=\"high\" decoding=\"async\" width=\"1024\" height=\"683\" src=\"https:\/\/suhoyos.com\/wp-content\/uploads\/2023\/12\/IMG_2701-2-1024x683.jpg\" class=\"attachment-large size-large wp-image-460\" alt=\"\" srcset=\"https:\/\/suhoyos.com\/wp-content\/uploads\/2023\/12\/IMG_2701-2-1024x683.jpg 1024w, https:\/\/suhoyos.com\/wp-content\/uploads\/2023\/12\/IMG_2701-2-300x200.jpg 300w, https:\/\/suhoyos.com\/wp-content\/uploads\/2023\/12\/IMG_2701-2-768x512.jpg 768w, https:\/\/suhoyos.com\/wp-content\/uploads\/2023\/12\/IMG_2701-2-1536x1024.jpg 1536w, https:\/\/suhoyos.com\/wp-content\/uploads\/2023\/12\/IMG_2701-2.jpg 1920w\" sizes=\"(max-width: 1024px) 100vw, 1024px\" \/>\t\t\t\t\t\t\t\t\t\t\t\t\t\t\t<\/div>\n\t\t\t\t<\/div>\n\t\t\t\t\t<\/div>\n\t\t<\/div>\n\t\t\t\t<div class=\"elementor-column elementor-col-50 elementor-top-column elementor-element elementor-element-39371c2\" data-id=\"39371c2\" data-element_type=\"column\" data-e-type=\"column\" data-settings=\"{&quot;background_background&quot;:&quot;classic&quot;}\">\n\t\t\t<div class=\"elementor-widget-wrap elementor-element-populated\">\n\t\t\t\t\t\t<div class=\"elementor-element elementor-element-10ef35b elementor-widget elementor-widget-image\" data-id=\"10ef35b\" data-element_type=\"widget\" data-e-type=\"widget\" data-widget_type=\"image.default\">\n\t\t\t\t<div class=\"elementor-widget-container\">\n\t\t\t\t\t\t\t\t\t\t\t\t\t\t\t<img decoding=\"async\" width=\"250\" height=\"250\" src=\"https:\/\/suhoyos.com\/wp-content\/uploads\/2026\/03\/ID-2.png\" class=\"attachment-large size-large wp-image-1049\" alt=\"\" srcset=\"https:\/\/suhoyos.com\/wp-content\/uploads\/2026\/03\/ID-2.png 250w, https:\/\/suhoyos.com\/wp-content\/uploads\/2026\/03\/ID-2-150x150.png 150w\" sizes=\"(max-width: 250px) 100vw, 250px\" \/>\t\t\t\t\t\t\t\t\t\t\t\t\t\t\t<\/div>\n\t\t\t\t<\/div>\n\t\t\t\t<div class=\"elementor-element elementor-element-23e8f8c3 elementor-invisible elementor-widget elementor-widget-text-editor\" data-id=\"23e8f8c3\" data-element_type=\"widget\" data-e-type=\"widget\" data-settings=\"{&quot;_animation&quot;:&quot;fadeIn&quot;,&quot;_animation_delay&quot;:600}\" data-widget_type=\"text-editor.default\">\n\t\t\t\t<div class=\"elementor-widget-container\">\n\t\t\t\t\t\t\t\t\t<p><em>\u201cSou corpo pulsante, amante da lua,<br><\/em><em> aprendiz das \u00e1rvores.\u201d<\/em><\/p>\t\t\t\t\t\t\t\t<\/div>\n\t\t\t\t<\/div>\n\t\t\t\t\t<\/div>\n\t\t<\/div>\n\t\t\t\t\t<\/div>\n\t\t<\/section>\n\t\t\t\t<section class=\"elementor-section elementor-top-section elementor-element elementor-element-a8d2b3c elementor-section-full_width elementor-section-height-default elementor-section-height-default\" data-id=\"a8d2b3c\" data-element_type=\"section\" data-e-type=\"section\">\n\t\t\t\t\t\t<div class=\"elementor-container elementor-column-gap-default\">\n\t\t\t\t\t<div class=\"elementor-column elementor-col-100 elementor-top-column elementor-element elementor-element-784e8e9\" data-id=\"784e8e9\" data-element_type=\"column\" data-e-type=\"column\">\n\t\t\t<div class=\"elementor-widget-wrap elementor-element-populated\">\n\t\t\t\t\t\t<div class=\"elementor-element elementor-element-99484db elementor-invisible elementor-widget elementor-widget-text-editor\" data-id=\"99484db\" data-element_type=\"widget\" data-e-type=\"widget\" data-settings=\"{&quot;_animation&quot;:&quot;fadeIn&quot;,&quot;_animation_delay&quot;:600}\" data-widget_type=\"text-editor.default\">\n\t\t\t\t<div class=\"elementor-widget-container\">\n\t\t\t\t\t\t\t\t\t<p><span style=\"font-weight: 400;\">Chamo-me Susana e gosto que me chamem S\u00fa. Nasci na Col\u00f4mbia; sou tia de dois seres maravilhosos, como vegetariana, a minha cor favorita \u00e9 o verde, prefiro montanhas a mar e coleciono pores do sol. A minha alma curiosa levou-me a explorar diversos cantos do mundo, da \u00cdndia ao Camboja, e da Argentina ao Canad\u00e1.<\/span><\/p>\n<p><span style=\"font-weight: 400;\">O meu cora\u00e7\u00e3o partiu-se v\u00e1rias vezes, e essa fratura foi o trampolim mais doloroso e, ao mesmo tempo, mais belo para me conhecer e amar melhor. Do meu percurso fazem parte experi\u00eancias como ter sido socializada como mulher, crescer numa cultura cat\u00f3lica e latina e, al\u00e9m disso, ser migrante. Estas viv\u00eancias impactaram-me profundamente; parte do meu compromisso comigo mesma \u00e9 poder escolher e sentir quais das hist\u00f3rias que ouvi s\u00e3o minhas e me conectam com uma vida mais plena e aut\u00eantica.<\/span><\/p>\t\t\t\t\t\t\t\t<\/div>\n\t\t\t\t<\/div>\n\t\t\t\t\t<\/div>\n\t\t<\/div>\n\t\t\t\t\t<\/div>\n\t\t<\/section>\n\t\t\t\t<section class=\"elementor-section elementor-top-section elementor-element elementor-element-32ae5c26 elementor-section-full_width elementor-section-content-middle elementor-section-height-default elementor-section-height-default\" data-id=\"32ae5c26\" data-element_type=\"section\" data-e-type=\"section\" data-settings=\"{&quot;background_background&quot;:&quot;classic&quot;}\">\n\t\t\t\t\t\t<div class=\"elementor-container elementor-column-gap-no\">\n\t\t\t\t\t<div class=\"elementor-column elementor-col-50 elementor-top-column elementor-element elementor-element-5ff654e5\" data-id=\"5ff654e5\" data-element_type=\"column\" data-e-type=\"column\" data-settings=\"{&quot;background_background&quot;:&quot;classic&quot;}\">\n\t\t\t<div class=\"elementor-widget-wrap elementor-element-populated\">\n\t\t\t\t\t<div class=\"elementor-background-overlay\"><\/div>\n\t\t\t\t\t\t<div class=\"elementor-element elementor-element-17d8f4c1 elementor-widget elementor-widget-heading\" data-id=\"17d8f4c1\" data-element_type=\"widget\" data-e-type=\"widget\" data-widget_type=\"heading.default\">\n\t\t\t\t<div class=\"elementor-widget-container\">\n\t\t\t\t\t<h4 class=\"elementor-heading-title elementor-size-default\">O meu terapeuta<\/h4>\t\t\t\t<\/div>\n\t\t\t\t<\/div>\n\t\t\t\t\t<\/div>\n\t\t<\/div>\n\t\t\t\t<div class=\"elementor-column elementor-col-50 elementor-top-column elementor-element elementor-element-14f556d7\" data-id=\"14f556d7\" data-element_type=\"column\" data-e-type=\"column\">\n\t\t\t<div class=\"elementor-widget-wrap elementor-element-populated\">\n\t\t\t\t\t\t<div class=\"elementor-element elementor-element-c5e3c0a elementor-widget elementor-widget-text-editor\" data-id=\"c5e3c0a\" data-element_type=\"widget\" data-e-type=\"widget\" data-widget_type=\"text-editor.default\">\n\t\t\t\t<div class=\"elementor-widget-container\">\n\t\t\t\t\t\t\t\t\t<p><span style=\"font-weight: 400;\">Estudei psicologia e, de seguida, formei-me em psicoterapia transpessoal e som\u00e1tica. Estas abordagens complementam-se e permitem-me acompanhar os indiv\u00edduos na explora\u00e7\u00e3o do seu mundo interno e na aceita\u00e7\u00e3o da sua humanidade com compaix\u00e3o, consci\u00eancia e responsabilidade. Acredito na import\u00e2ncia de convidar para o di\u00e1logo interno entre as nossas diversas partes para promover uma experi\u00eancia humana mais honesta e completa.<\/span><\/p><p><span style=\"font-weight: 400;\">Adicionalmente, considero que a sexualidade e a intimidade s\u00e3o territ\u00f3rios fundamentais para explorar e transformar. Por isso, facilito espa\u00e7os para aqueles que desejam percorrer estes caminhos a partir de uma perspetiva som\u00e1tica e relacional. Formei-me como terapeuta em Soma Intimacy com o instituto Soma Intimacy, do qual tamb\u00e9m fa\u00e7o parte como formadora assistente.<\/span><\/p><p><span style=\"font-weight: 400;\">Os processos individuais que acompanho s\u00e3o orientados para os recursos, informados pelo trauma e centrados no processo. Isto significa que cada acompanhamento \u00e9 uma jornada \u00fanica que se desdobra ao seu pr\u00f3prio ritmo, com um convite constante para uma abordagem gentil e compassiva para consigo mesma, e com uma profunda compreens\u00e3o do valor do seu empenho, responsabilidade e ag\u00eancia. Tamb\u00e9m facilito experi\u00eancias em grupo com \u00eanfase na consci\u00eancia emocional, corporal e relacional, focadas principalmente na sabedoria coletiva e na convic\u00e7\u00e3o de que as rela\u00e7\u00f5es s\u00e3o um dos territ\u00f3rios mais potentes para transformar e curar.<\/span><\/p><p><span style=\"font-weight: 400;\">Al\u00e9m disso, gosto de dizer que fa\u00e7o ativismo em consulta. Para al\u00e9m de acompanhar as pessoas a indagar nas suas alegrias, dores, sistemas familiares e experi\u00eancias de vida, muitas vezes converso sobre o impacto de viver num sistema patriarcal e capitalista. Acredito que podemos realizar muitos processos internos, mas se n\u00e3o questionarmos a rede sociopol\u00edtica e econ\u00f3mica que sustenta as nossas vidas, o nosso processo ficar\u00e1 incompleto.<\/span><\/p><p><span style=\"font-weight: 400;\">Ferramentas como <strong>TRE<\/strong> Os (Exerc\u00edcios de Liberta\u00e7\u00e3o do Trauma) (TREs), a educa\u00e7\u00e3o menstrual e o yoga atravessam o meu trabalho e est\u00e3o dispon\u00edveis para acompanhar os processos terap\u00eauticos.<\/span><\/p>\t\t\t\t\t\t\t\t<\/div>\n\t\t\t\t<\/div>\n\t\t\t\t\t<\/div>\n\t\t<\/div>\n\t\t\t\t\t<\/div>\n\t\t<\/section>\n\t\t\t\t<section class=\"elementor-section elementor-top-section elementor-element elementor-element-2fe5e868 elementor-section-full_width elementor-section-height-min-height elementor-section-items-stretch elementor-section-content-middle elementor-section-height-default\" data-id=\"2fe5e868\" data-element_type=\"section\" data-e-type=\"section\" data-settings=\"{&quot;background_background&quot;:&quot;classic&quot;}\">\n\t\t\t\t\t\t\t<div class=\"elementor-background-overlay\"><\/div>\n\t\t\t\t\t\t\t<div class=\"elementor-container elementor-column-gap-no\">\n\t\t\t\t\t<div class=\"elementor-column elementor-col-100 elementor-top-column elementor-element elementor-element-766ff03d\" data-id=\"766ff03d\" data-element_type=\"column\" data-e-type=\"column\">\n\t\t\t<div class=\"elementor-widget-wrap elementor-element-populated\">\n\t\t\t\t\t\t<section class=\"elementor-section elementor-inner-section elementor-element elementor-element-34b5a5c8 elementor-section-boxed elementor-section-height-default elementor-section-height-default\" data-id=\"34b5a5c8\" data-element_type=\"section\" data-e-type=\"section\">\n\t\t\t\t\t\t<div class=\"elementor-container elementor-column-gap-no\">\n\t\t\t\t\t<div class=\"elementor-column elementor-col-100 elementor-inner-column elementor-element elementor-element-348df398\" data-id=\"348df398\" data-element_type=\"column\" data-e-type=\"column\">\n\t\t\t<div class=\"elementor-widget-wrap elementor-element-populated\">\n\t\t\t\t\t\t<div class=\"elementor-element elementor-element-5f2d6036 elementor-invisible elementor-widget elementor-widget-heading\" data-id=\"5f2d6036\" data-element_type=\"widget\" data-e-type=\"widget\" data-settings=\"{&quot;_animation&quot;:&quot;fadeIn&quot;,&quot;_animation_delay&quot;:400}\" data-widget_type=\"heading.default\">\n\t\t\t\t<div class=\"elementor-widget-container\">\n\t\t\t\t\t<h3 class=\"elementor-heading-title elementor-size-default\">Tenho a absoluta certeza que escolhi uma bela profiss\u00e3o,  <br> e coloco-me ao seu servi\u00e7o.<\/h3>\t\t\t\t<\/div>\n\t\t\t\t<\/div>\n\t\t\t\t<div class=\"elementor-element elementor-element-3c74767 elementor-invisible elementor-widget elementor-widget-heading\" data-id=\"3c74767\" data-element_type=\"widget\" data-e-type=\"widget\" data-settings=\"{&quot;_animation&quot;:&quot;fadeIn&quot;,&quot;_animation_delay&quot;:400}\" data-widget_type=\"heading.default\">\n\t\t\t\t<div class=\"elementor-widget-container\">\n\t\t\t\t\t<h3 class=\"elementor-heading-title elementor-size-default\">Com muito amor, S\u00fa.<\/h3>\t\t\t\t<\/div>\n\t\t\t\t<\/div>\n\t\t\t\t\t<\/div>\n\t\t<\/div>\n\t\t\t\t\t<\/div>\n\t\t<\/section>\n\t\t\t\t\t<\/div>\n\t\t<\/div>\n\t\t\t\t\t<\/div>\n\t\t<\/section>\n\t\t\t\t<\/div>","protected":false},"excerpt":{"rendered":"<p>\u201cSoy cuerpo pulsante, amante de la luna, aprendiz de los \u00e1rboles.\u201d Mi nombre es Susana y me gusta que me digan S\u00fa. Nac\u00ed en Colombia; soy t\u00eda de dos seres maravillosos, como vegetariano, mi color favorito es el verde, prefiero las monta\u00f1as al mar y colecciono atardeceres. Mi alma curiosa me ha llevado a explorar [&hellip;]<\/p>\n","protected":false},"author":2,"featured_media":1024,"parent":0,"menu_order":0,"comment_status":"closed","ping_status":"closed","template":"elementor_canvas","meta":{"site-sidebar-layout":"no-sidebar","site-content-layout":"page-builder","ast-site-content-layout":"full-width-container","site-content-style":"default","site-sidebar-style":"default","ast-global-header-display":"","ast-banner-title-visibility":"","ast-main-header-display":"","ast-hfb-above-header-display":"","ast-hfb-below-header-display":"","ast-hfb-mobile-header-display":"","site-post-title":"disabled","ast-breadcrumbs-content":"","ast-featured-img":"disabled","footer-sml-layout":"","ast-disable-related-posts":"","theme-transparent-header-meta":"","adv-header-id-meta":"","stick-header-meta":"","header-above-stick-meta":"","header-main-stick-meta":"","header-below-stick-meta":"","astra-migrate-meta-layouts":"set","ast-page-background-enabled":"default","ast-page-background-meta":{"desktop":{"background-color":"var(--ast-global-color-4)","background-image":"","background-repeat":"repeat","background-position":"center center","background-size":"auto","background-attachment":"scroll","background-type":"","background-media":"","overlay-type":"","overlay-color":"","overlay-opacity":"","overlay-gradient":""},"tablet":{"background-color":"","background-image":"","background-repeat":"repeat","background-position":"center center","background-size":"auto","background-attachment":"scroll","background-type":"","background-media":"","overlay-type":"","overlay-color":"","overlay-opacity":"","overlay-gradient":""},"mobile":{"background-color":"","background-image":"","background-repeat":"repeat","background-position":"center center","background-size":"auto","background-attachment":"scroll","background-type":"","background-media":"","overlay-type":"","overlay-color":"","overlay-opacity":"","overlay-gradient":""}},"ast-content-background-meta":{"desktop":{"background-color":"var(--ast-global-color-5)","background-image":"","background-repeat":"repeat","background-position":"center center","background-size":"auto","background-attachment":"scroll","background-type":"","background-media":"","overlay-type":"","overlay-color":"","overlay-opacity":"","overlay-gradient":""},"tablet":{"background-color":"var(--ast-global-color-5)","background-image":"","background-repeat":"repeat","background-position":"center center","background-size":"auto","background-attachment":"scroll","background-type":"","background-media":"","overlay-type":"","overlay-color":"","overlay-opacity":"","overlay-gradient":""},"mobile":{"background-color":"var(--ast-global-color-5)","background-image":"","background-repeat":"repeat","background-position":"center center","background-size":"auto","background-attachment":"scroll","background-type":"","background-media":"","overlay-type":"","overlay-color":"","overlay-opacity":"","overlay-gradient":""}},"footnotes":""},"class_list":["post-205","page","type-page","status-publish","has-post-thumbnail","hentry"],"yoast_head":"<!-- This site is optimized with the Yoast SEO plugin v27.5 - https:\/\/yoast.com\/product\/yoast-seo-wordpress\/ -->\n<title>Sobre m\u00ed - Su Hoyos<\/title>\n<meta name=\"robots\" content=\"index, follow, max-snippet:-1, max-image-preview:large, max-video-preview:-1\" \/>\n<link rel=\"canonical\" href=\"https:\/\/suhoyos.com\/pt\/sobre-mi\/\" \/>\n<meta property=\"og:locale\" content=\"pt_PT\" \/>\n<meta property=\"og:type\" content=\"article\" \/>\n<meta property=\"og:title\" content=\"Sobre m\u00ed - Su Hoyos\" \/>\n<meta property=\"og:description\" content=\"\u201cSoy cuerpo pulsante, amante de la luna, aprendiz de los \u00e1rboles.\u201d Mi nombre es Susana y me gusta que me digan S\u00fa. Nac\u00ed en Colombia; soy t\u00eda de dos seres maravillosos, como vegetariano, mi color favorito es el verde, prefiero las monta\u00f1as al mar y colecciono atardeceres. Mi alma curiosa me ha llevado a explorar [&hellip;]\" \/>\n<meta property=\"og:url\" content=\"https:\/\/suhoyos.com\/pt\/sobre-mi\/\" \/>\n<meta property=\"og:site_name\" content=\"Su Hoyos\" \/>\n<meta property=\"article:modified_time\" content=\"2026-04-14T03:24:21+00:00\" \/>\n<meta property=\"og:image\" content=\"https:\/\/suhoyos.com\/wp-content\/uploads\/2026\/03\/SU-HOYOS.jpg\" \/>\n\t<meta property=\"og:image:width\" content=\"300\" \/>\n\t<meta property=\"og:image:height\" content=\"300\" \/>\n\t<meta property=\"og:image:type\" content=\"image\/jpeg\" \/>\n<meta name=\"twitter:card\" content=\"summary_large_image\" \/>\n<meta name=\"twitter:label1\" content=\"Tempo estimado de leitura\" \/>\n\t<meta name=\"twitter:data1\" content=\"3 minutos\" \/>\n<script type=\"application\/ld+json\" class=\"yoast-schema-graph\">{\"@context\":\"https:\\\/\\\/schema.org\",\"@graph\":[{\"@type\":\"WebPage\",\"@id\":\"https:\\\/\\\/suhoyos.com\\\/sobre-mi\\\/\",\"url\":\"https:\\\/\\\/suhoyos.com\\\/sobre-mi\\\/\",\"name\":\"Sobre m\u00ed - Su Hoyos\",\"isPartOf\":{\"@id\":\"https:\\\/\\\/suhoyos.com\\\/#website\"},\"primaryImageOfPage\":{\"@id\":\"https:\\\/\\\/suhoyos.com\\\/sobre-mi\\\/#primaryimage\"},\"image\":{\"@id\":\"https:\\\/\\\/suhoyos.com\\\/sobre-mi\\\/#primaryimage\"},\"thumbnailUrl\":\"https:\\\/\\\/suhoyos.com\\\/wp-content\\\/uploads\\\/2026\\\/03\\\/SU-HOYOS.jpg\",\"datePublished\":\"2023-10-19T03:39:44+00:00\",\"dateModified\":\"2026-04-14T03:24:21+00:00\",\"breadcrumb\":{\"@id\":\"https:\\\/\\\/suhoyos.com\\\/sobre-mi\\\/#breadcrumb\"},\"inLanguage\":\"pt-PT\",\"potentialAction\":[{\"@type\":\"ReadAction\",\"target\":[\"https:\\\/\\\/suhoyos.com\\\/sobre-mi\\\/\"]}]},{\"@type\":\"ImageObject\",\"inLanguage\":\"pt-PT\",\"@id\":\"https:\\\/\\\/suhoyos.com\\\/sobre-mi\\\/#primaryimage\",\"url\":\"https:\\\/\\\/suhoyos.com\\\/wp-content\\\/uploads\\\/2026\\\/03\\\/SU-HOYOS.jpg\",\"contentUrl\":\"https:\\\/\\\/suhoyos.com\\\/wp-content\\\/uploads\\\/2026\\\/03\\\/SU-HOYOS.jpg\",\"width\":300,\"height\":300},{\"@type\":\"BreadcrumbList\",\"@id\":\"https:\\\/\\\/suhoyos.com\\\/sobre-mi\\\/#breadcrumb\",\"itemListElement\":[{\"@type\":\"ListItem\",\"position\":1,\"name\":\"Inicio\",\"item\":\"https:\\\/\\\/suhoyos.com\\\/\"},{\"@type\":\"ListItem\",\"position\":2,\"name\":\"Sobre m\u00ed\"}]},{\"@type\":\"WebSite\",\"@id\":\"https:\\\/\\\/suhoyos.com\\\/#website\",\"url\":\"https:\\\/\\\/suhoyos.com\\\/\",\"name\":\"Su Hoyos\",\"description\":\"Psic\u00f3loga\",\"publisher\":{\"@id\":\"https:\\\/\\\/suhoyos.com\\\/#\\\/schema\\\/person\\\/cac5790fd14ac357199b8a3ac72ca636\"},\"potentialAction\":[{\"@type\":\"SearchAction\",\"target\":{\"@type\":\"EntryPoint\",\"urlTemplate\":\"https:\\\/\\\/suhoyos.com\\\/?s={search_term_string}\"},\"query-input\":{\"@type\":\"PropertyValueSpecification\",\"valueRequired\":true,\"valueName\":\"search_term_string\"}}],\"inLanguage\":\"pt-PT\"},{\"@type\":[\"Person\",\"Organization\"],\"@id\":\"https:\\\/\\\/suhoyos.com\\\/#\\\/schema\\\/person\\\/cac5790fd14ac357199b8a3ac72ca636\",\"name\":\"Su Hoyos\",\"image\":{\"@type\":\"ImageObject\",\"inLanguage\":\"pt-PT\",\"@id\":\"https:\\\/\\\/suhoyos.com\\\/wp-content\\\/uploads\\\/2026\\\/03\\\/SU-HOYOS.jpg\",\"url\":\"https:\\\/\\\/suhoyos.com\\\/wp-content\\\/uploads\\\/2026\\\/03\\\/SU-HOYOS.jpg\",\"contentUrl\":\"https:\\\/\\\/suhoyos.com\\\/wp-content\\\/uploads\\\/2026\\\/03\\\/SU-HOYOS.jpg\",\"width\":300,\"height\":300,\"caption\":\"Su Hoyos\"},\"logo\":{\"@id\":\"https:\\\/\\\/suhoyos.com\\\/wp-content\\\/uploads\\\/2026\\\/03\\\/SU-HOYOS.jpg\"}}]}<\/script>\n<!-- \/ Yoast SEO plugin. -->","yoast_head_json":{"title":"Sobre m\u00ed - Su Hoyos","robots":{"index":"index","follow":"follow","max-snippet":"max-snippet:-1","max-image-preview":"max-image-preview:large","max-video-preview":"max-video-preview:-1"},"canonical":"https:\/\/suhoyos.com\/pt\/sobre-mi\/","og_locale":"pt_PT","og_type":"article","og_title":"Sobre m\u00ed - Su Hoyos","og_description":"\u201cSoy cuerpo pulsante, amante de la luna, aprendiz de los \u00e1rboles.\u201d Mi nombre es Susana y me gusta que me digan S\u00fa. Nac\u00ed en Colombia; soy t\u00eda de dos seres maravillosos, como vegetariano, mi color favorito es el verde, prefiero las monta\u00f1as al mar y colecciono atardeceres. Mi alma curiosa me ha llevado a explorar [&hellip;]","og_url":"https:\/\/suhoyos.com\/pt\/sobre-mi\/","og_site_name":"Su Hoyos","article_modified_time":"2026-04-14T03:24:21+00:00","og_image":[{"width":300,"height":300,"url":"https:\/\/suhoyos.com\/wp-content\/uploads\/2026\/03\/SU-HOYOS.jpg","type":"image\/jpeg"}],"twitter_card":"summary_large_image","twitter_misc":{"Tempo estimado de leitura":"3 minutos"},"schema":{"@context":"https:\/\/schema.org","@graph":[{"@type":"WebPage","@id":"https:\/\/suhoyos.com\/sobre-mi\/","url":"https:\/\/suhoyos.com\/sobre-mi\/","name":"Sobre m\u00ed - Su Hoyos","isPartOf":{"@id":"https:\/\/suhoyos.com\/#website"},"primaryImageOfPage":{"@id":"https:\/\/suhoyos.com\/sobre-mi\/#primaryimage"},"image":{"@id":"https:\/\/suhoyos.com\/sobre-mi\/#primaryimage"},"thumbnailUrl":"https:\/\/suhoyos.com\/wp-content\/uploads\/2026\/03\/SU-HOYOS.jpg","datePublished":"2023-10-19T03:39:44+00:00","dateModified":"2026-04-14T03:24:21+00:00","breadcrumb":{"@id":"https:\/\/suhoyos.com\/sobre-mi\/#breadcrumb"},"inLanguage":"pt-PT","potentialAction":[{"@type":"ReadAction","target":["https:\/\/suhoyos.com\/sobre-mi\/"]}]},{"@type":"ImageObject","inLanguage":"pt-PT","@id":"https:\/\/suhoyos.com\/sobre-mi\/#primaryimage","url":"https:\/\/suhoyos.com\/wp-content\/uploads\/2026\/03\/SU-HOYOS.jpg","contentUrl":"https:\/\/suhoyos.com\/wp-content\/uploads\/2026\/03\/SU-HOYOS.jpg","width":300,"height":300},{"@type":"BreadcrumbList","@id":"https:\/\/suhoyos.com\/sobre-mi\/#breadcrumb","itemListElement":[{"@type":"ListItem","position":1,"name":"Inicio","item":"https:\/\/suhoyos.com\/"},{"@type":"ListItem","position":2,"name":"Sobre m\u00ed"}]},{"@type":"WebSite","@id":"https:\/\/suhoyos.com\/#website","url":"https:\/\/suhoyos.com\/","name":"Su Hoyos","description":"Psic\u00f3loga","publisher":{"@id":"https:\/\/suhoyos.com\/#\/schema\/person\/cac5790fd14ac357199b8a3ac72ca636"},"potentialAction":[{"@type":"SearchAction","target":{"@type":"EntryPoint","urlTemplate":"https:\/\/suhoyos.com\/?s={search_term_string}"},"query-input":{"@type":"PropertyValueSpecification","valueRequired":true,"valueName":"search_term_string"}}],"inLanguage":"pt-PT"},{"@type":["Person","Organization"],"@id":"https:\/\/suhoyos.com\/#\/schema\/person\/cac5790fd14ac357199b8a3ac72ca636","name":"Su Hoyos","image":{"@type":"ImageObject","inLanguage":"pt-PT","@id":"https:\/\/suhoyos.com\/wp-content\/uploads\/2026\/03\/SU-HOYOS.jpg","url":"https:\/\/suhoyos.com\/wp-content\/uploads\/2026\/03\/SU-HOYOS.jpg","contentUrl":"https:\/\/suhoyos.com\/wp-content\/uploads\/2026\/03\/SU-HOYOS.jpg","width":300,"height":300,"caption":"Su Hoyos"},"logo":{"@id":"https:\/\/suhoyos.com\/wp-content\/uploads\/2026\/03\/SU-HOYOS.jpg"}}]}},"_links":{"self":[{"href":"https:\/\/suhoyos.com\/pt\/wp-json\/wp\/v2\/pages\/205","targetHints":{"allow":["GET"]}}],"collection":[{"href":"https:\/\/suhoyos.com\/pt\/wp-json\/wp\/v2\/pages"}],"about":[{"href":"https:\/\/suhoyos.com\/pt\/wp-json\/wp\/v2\/types\/page"}],"author":[{"embeddable":true,"href":"https:\/\/suhoyos.com\/pt\/wp-json\/wp\/v2\/users\/2"}],"replies":[{"embeddable":true,"href":"https:\/\/suhoyos.com\/pt\/wp-json\/wp\/v2\/comments?post=205"}],"version-history":[{"count":101,"href":"https:\/\/suhoyos.com\/pt\/wp-json\/wp\/v2\/pages\/205\/revisions"}],"predecessor-version":[{"id":1253,"href":"https:\/\/suhoyos.com\/pt\/wp-json\/wp\/v2\/pages\/205\/revisions\/1253"}],"wp:featuredmedia":[{"embeddable":true,"href":"https:\/\/suhoyos.com\/pt\/wp-json\/wp\/v2\/media\/1024"}],"wp:attachment":[{"href":"https:\/\/suhoyos.com\/pt\/wp-json\/wp\/v2\/media?parent=205"}],"curies":[{"name":"wp","href":"https:\/\/api.w.org\/{rel}","templated":true}]}}